{"id":6,"date":"2016-02-26T12:11:14","date_gmt":"2016-02-26T12:11:14","guid":{"rendered":"http:\/\/investment.ancorathemes.com\/?page_id=6"},"modified":"2020-10-20T14:33:09","modified_gmt":"2020-10-20T14:33:09","slug":"home-1","status":"publish","type":"page","link":"https:\/\/rdcif.com\/es\/","title":{"rendered":"Inicio 1"},"content":{"rendered":"<p>[vc_row full_width=\u00a0\u00bbstretch_row\u00a0\u00bb css=\u00a0\u00bb.vc_custom_1456827312552{background-color: #f2f2f2 !important;}\u00a0\u00bb][vc_column]<div class=\"sc_section margin_top_large margin_bottom_huge aligncenter\" data-animation=\"animated fadeInUp normal\"><div class=\"sc_section_inner\"><h2 class=\"sc_title sc_title_regular sc_align_center\" style=\"text-align:center;\">Introducci\u00f3n<\/h2><span class=\"sc_highlight\" style=\"font-size:1.2em;\"><\/p>\n<div class=\"page\" title=\"P\u00e1gina 4\">\n<div class=\"layoutArea\">\n<div class=\"column\">\n<h4 style=\"text-align: left;\">1. Antecedentes<\/h4>\n<p style=\"text-align: left;\">Con una superficie de 2.345.409 km2 , una poblaci\u00f3n de 84 millones de habitantes y un PIB de 41.620 millones de d\u00f3lares de los EE.UU., la Rep\u00fablica Democr\u00e1tica del Congo es el pa\u00eds m\u00e1s grande del \u00c1frica franc\u00f3fona. Posee dos tercios de los bosques tropicales de \u00c1frica, un rico subsuelo y un importante potencial hidroel\u00e9ctrico.<\/p>\n<p style=\"text-align: left;\">Se estima que el crecimiento del PIB real ser\u00e1 de 4,3 % en 2019, frente a 5,8 % en 2018, debido a la desaceleraci\u00f3n de la actividad en el sector extractivo, que sigue siendo el sector impulsor de la econom\u00eda, a pesar de la disminuci\u00f3n de los precios de algunas materias primas (cobre y cobalto). La agricultura se ve obstaculizada por su baja productividad, mientras que el d\u00e9ficit de energ\u00eda limita los esfuerzos de industrializaci\u00f3n del pa\u00eds. El crecimiento ha sido impulsado por la demanda interna, en particular por la inversi\u00f3n privada y el consumo p\u00fablico. Gracias a la buena coordinaci\u00f3n de las pol\u00edticas monetarias y fiscales, la tasa de inflaci\u00f3n, que era de 29,3 % en 2018, se redujo a 4,5 % en 2019. El bajo nivel de reservas de divisas (equivalente a 3,7 semanas de importaciones en 2019) plantea un desaf\u00edo a la estabilidad externa. Sin embargo, se considera que el riesgo de problemas de endeudamiento es moderado. La pobreza es persistente (77,1 % de la poblaci\u00f3n vive con menos de 1,90 d\u00f3lares de los EE.UU. al d\u00eda), y la desigualdad y el subempleo (86 % de la poblaci\u00f3n activa seg\u00fan una encuesta de 2012) son elevados. Los j\u00f3venes tienen un acceso limitado al empleo y a la integraci\u00f3n socioprofesional. La debilidad estructural de los ingresos internos limita la financiaci\u00f3n adecuada de los programas prioritarios. El d\u00e9ficit de infraestructura en la mayor\u00eda de los sectores es una importante limitaci\u00f3n para el desarrollo de las actividades econ\u00f3micas.<\/p>\n<p style=\"text-align: left;\">A pesar de este panorama desfavorable, el pa\u00eds tiene un bajo nivel de endeudamiento (13,7 % del PIB para la deuda externa y 6,5 % para la deuda interna en 2018), lo que constituye una oportunidad para la movilizaci\u00f3n de nueva financiaci\u00f3n externa. Adem\u00e1s, la normalizaci\u00f3n de la situaci\u00f3n pol\u00edtica y la nueva voluntad de reforma y de lucha contra la corrupci\u00f3n est\u00e1n creando un clima de confianza, propicio para nuevas inversiones privadas en los sectores de crecimiento de la econom\u00eda.<\/p>\n<\/div>\n<\/div>\n<\/div>\n<div class=\"page\" style=\"text-align: left;\" title=\"P\u00e1gina 5\">\n<div class=\"layoutArea\">\n<div class=\"column\">\n<p>Con el fin de dar mayor visibilidad a las prioridades nacionales, el Plan Estrat\u00e9gico Nacional de Desarrollo Econ\u00f3mico y Social (PNSD) para el per\u00edodo 2019-2023 fue validado por el gobierno el 27 de diciembre de 2019. Con casi 80 millones de hect\u00e1reas de tierra cultivable y m\u00e1s de 1.100 minerales y metales preciosos enumerados, este plan tiene como objetivo final convertir a la RDC en uno de los pa\u00edses m\u00e1s ricos del continente africano.<\/p>\n<p>Este ambicioso programa, para ser plenamente desplegado, requiere importantes recursos para financiar los diversos proyectos que lo componen. As\u00ed, el Gobierno de la RDC recurri\u00f3 al Consorcio de inversores Grand Impex Trading Ltd., para que lo apoyara en la consecuci\u00f3n de sus objetivos.<\/p>\n<p>Al final de los diversos intercambios y la evaluaci\u00f3n de los medios y activos involucrados, se hizo evidente la din\u00e1mica de una uni\u00f3n de fuerzas. Por lo tanto, el proyecto de creaci\u00f3n de un fondo de inversi\u00f3n PPP entre el Gobierno de la RDC, el Consorcio Grand Impex Trading Ltd. y la sociedad civil ha tomado forma.<\/p>\n<h4>2. Misi\u00f3n y objetivos<\/h4>\n<p>El Fondo de Inversi\u00f3n de la Rep\u00fablica Democr\u00e1tica del Congo es un fondo de inversi\u00f3n del PPP destinado a apoyar principalmente al Gobierno de la Rep\u00fablica Democr\u00e1tica del Congo en la financiaci\u00f3n, la ejecuci\u00f3n y el funcionamiento de los proyectos de su Plan Estrat\u00e9gico de Desarrollo. El fondo tambi\u00e9n podr\u00e1 apoyar a los agentes econ\u00f3micos del sector privado que operan en la Rep\u00fablica Democr\u00e1tica del Congo y en \u00c1frica. El objetivo es llevar a cabo una actividad sostenible y rentable al servicio del desarrollo socioecon\u00f3mico, no s\u00f3lo de la Rep\u00fablica Democr\u00e1tica del Congo, de los agentes econ\u00f3micos que operan en \u00c1frica y de las poblaciones residentes.<\/p>\n<p>La ejecuci\u00f3n de estas misiones se basa en una serie de actividades:<\/p>\n<ul>\n<li>La creaci\u00f3n de una \"ventanilla\" para la concesi\u00f3n de financiaci\u00f3n a los proyectos del Plan Estrat\u00e9gico de Desarrollo;<\/li>\n<\/ul>\n<\/div>\n<\/div>\n<div class=\"layoutArea\"><\/div>\n<\/div>\n<div class=\"page\" title=\"P\u00e1gina 6\">\n<div class=\"layoutArea\">\n<div class=\"column\">\n<ul>\n<li style=\"text-align: left;\">El establecimiento de una \"ventanilla\" para la concesi\u00f3n de financiaci\u00f3n a los operadores privados;<\/li>\n<li style=\"text-align: left;\">Fomento de la capacidad de los agentes y asociados locales que participan en el proyecto ;<\/li>\n<li style=\"text-align: left;\">El \"acompa\u00f1amiento de los diferentes actores en la formulaci\u00f3n de los problemas y necesidades\";<\/li>\n<li style=\"text-align: left;\">Empoderamiento de los diferentes actores y socios del proyecto ;<\/li>\n<li>\n<p style=\"text-align: left;\">La construcci\u00f3n y operaci\u00f3n conjunta de las diversas obras e infraestructuras financiadas.<\/p>\n<p style=\"text-align: left;\">A largo plazo, el objetivo ser\u00e1 aumentar la oferta de recursos financieros para los operadores y los agentes econ\u00f3micos de la Rep\u00fablica Democr\u00e1tica del Congo y de \u00c1frica, mejorar el suministro de infraestructura en el pa\u00eds, aumentar la producci\u00f3n y los ingresos de los agentes econ\u00f3micos, en particular del Gobierno de la Rep\u00fablica Democr\u00e1tica del Congo, aumentar la producci\u00f3n y la productividad de los diversos sectores econ\u00f3micos, mejorar las condiciones de vida de la poblaci\u00f3n, trabajar en pro del desarrollo y la creaci\u00f3n de empleo, y aumentar los ingresos de la poblaci\u00f3n.<\/p>\n<\/li>\n<\/ul>\n<\/div>\n<\/div>\n<\/div>\n<p><\/span><\/div><\/div>[\/vc_column][\/vc_row][vc_row full_width=\u00a0\u00bbstretch_row\u00a0\u00bb css=\u00a0\u00bb.vc_custom_1457365135137{background-image: url(https:\/\/rdcif.com\/wp-content\/uploads\/2020\/10\/reunion-representants.jpg) !important;background-position: center !important;background-repeat: no-repeat !important;background-size: cover !important;}\u00a0\u00bb][vc_column]<div class=\"sc_section margin_top_super-huge margin_bottom_super-huge aligncenter\" data-animation=\"animated fadeInUp normal\"><div class=\"sc_section_inner\"><h1 class=\"sc_title sc_title_regular margin_bottom_small\" style=\"letter-spacing: -2px;color:#ffffff;\"><\/p>\n<div class=\"page\" title=\"P\u00e1gina 1\">\n<div class=\"layoutArea\">\n<div class=\"column\">\n<p>FONDO DE INVERSI\u00d3N DE RD CONGO<\/p><\/div>\n<\/div>\n<\/div>\n<p><\/h1><span class=\"sc_highlight\" style=\"color:#ffffff;font-size:1.2em;\"><\/p>\n<div class=\"page\" title=\"P\u00e1gina 1\">\n<div class=\"layoutArea\">\n<div class=\"column\">\n<p>Plan de Desarrollo Estrat\u00e9gico 2020 - 2024<\/p><\/div>\n<\/div>\n<\/div>\n<p><\/span><div class=\"sc_section\"><div class=\"sc_section_inner\"><a href=\"https:\/\/rdcif.com\/es\/partenaires\/\" class=\"sc_button sc_button_square sc_button_style_filled white-hover sc_button_size_small margin_top_medium\">Nuestros socios<\/a><\/div><\/div><\/div><\/div>\/vc_column][\/vc_row]<\/p>","protected":false},"excerpt":{"rendered":"<p>[vc_row full_width=\u00a0\u00bbstretch_row\u00a0\u00bb css=\u00a0\u00bb.vc_custom_1456827312552{background-color: #f2f2f2 !important;}\u00a0\u00bb][vc_column][\/vc_column][\/vc_row][vc_row full_width=\u00a0\u00bbstretch_row\u00a0\u00bb css=\u00a0\u00bb.vc_custom_1457365135137{background-image: url(https:\/\/rdcif.com\/wp-content\/uploads\/2020\/10\/reunion-representants.jpg) !important;background-position: center !important;background-repeat: no-repeat !important;background-size: cover !important;}\u00a0\u00bb][vc_column][\/vc_column][\/vc_row]<\/p>","protected":false},"author":1,"featured_media":0,"parent":0,"menu_order":0,"comment_status":"closed","ping_status":"closed","template":"","meta":[],"_links":{"self":[{"href":"https:\/\/rdcif.com\/es\/wp-json\/wp\/v2\/pages\/6"}],"collection":[{"href":"https:\/\/rdcif.com\/es\/wp-json\/wp\/v2\/pages"}],"about":[{"href":"https:\/\/rdcif.com\/es\/wp-json\/wp\/v2\/types\/page"}],"author":[{"embeddable":true,"href":"https:\/\/rdcif.com\/es\/wp-json\/wp\/v2\/users\/1"}],"replies":[{"embeddable":true,"href":"https:\/\/rdcif.com\/es\/wp-json\/wp\/v2\/comments?post=6"}],"version-history":[{"count":10,"href":"https:\/\/rdcif.com\/es\/wp-json\/wp\/v2\/pages\/6\/revisions"}],"predecessor-version":[{"id":838,"href":"https:\/\/rdcif.com\/es\/wp-json\/wp\/v2\/pages\/6\/revisions\/838"}],"wp:attachment":[{"href":"https:\/\/rdcif.com\/es\/wp-json\/wp\/v2\/media?parent=6"}],"curies":[{"name":"wp","href":"https:\/\/api.w.org\/{rel}","templated":true}]}}