{"id":758,"date":"2020-10-07T09:54:41","date_gmt":"2020-10-07T09:54:41","guid":{"rendered":"https:\/\/rdcif.com\/?page_id=758"},"modified":"2020-11-09T14:54:52","modified_gmt":"2020-11-09T14:54:52","slug":"contactez-nous","status":"publish","type":"page","link":"https:\/\/rdcif.com\/pt\/contactez-nous\/","title":{"rendered":"Contate-nos"},"content":{"rendered":"<p>[vc_row][vc_column width=\u00a0\u00bb1\/2&Prime;]<div role=\"form\" class=\"wpcf7\" id=\"wpcf7-f757-o1\" lang=\"fr-FR\" dir=\"ltr\">\n<div class=\"screen-reader-response\"><p role=\"status\" aria-live=\"polite\" aria-atomic=\"true\"><\/p> <ul><\/ul><\/div>\n<form action=\"\/pt\/wp-json\/wp\/v2\/pages\/758#wpcf7-f757-o1\" method=\"post\" class=\"wpcf7-form init\" novalidate=\"novalidate\" data-status=\"init\" data-trp-original-action=\"\/pt\/wp-json\/wp\/v2\/pages\/758#wpcf7-f757-o1\">\n<div style=\"display: none;\">\n<input type=\"hidden\" name=\"_wpcf7\" value=\"757\" \/>\n<input type=\"hidden\" name=\"_wpcf7_version\" value=\"5.3.2\" \/>\n<input type=\"hidden\" name=\"_wpcf7_locale\" value=\"fr_FR\" \/>\n<input type=\"hidden\" name=\"_wpcf7_unit_tag\" value=\"wpcf7-f757-o1\" \/>\n<input type=\"hidden\" name=\"_wpcf7_container_post\" value=\"0\" \/>\n<input type=\"hidden\" name=\"_wpcf7_posted_data_hash\" value=\"\" \/>\n<\/div>\n<p><label> Seu nome (obrigat\u00f3rio)<br \/>\n    <span class=\"wpcf7-form-control-wrap your-name\"><input type=\"text\" name=\"your-name\" value=\"\" size=\"40\" class=\"wpcf7-form-control wpcf7-text wpcf7-validates-as-required\" aria-required=\"true\" aria-invalid=\"false\" \/><\/span> <\/label><\/p>\n<p><label> Seu endere\u00e7o de e-mail (obrigat\u00f3rio)<br \/>\n    <span class=\"wpcf7-form-control-wrap your-email\"><input type=\"email\" name=\"your-email\" value=\"\" size=\"40\" class=\"wpcf7-form-control wpcf7-text wpcf7-email wpcf7-validates-as-required wpcf7-validates-as-email\" aria-required=\"true\" aria-invalid=\"false\" \/><\/span> <\/label><\/p>\n<p><label> Assunto<br \/>\n    <span class=\"wpcf7-form-control-wrap your-subject\"><input type=\"text\" name=\"your-subject\" value=\"\" size=\"40\" class=\"wpcf7-form-control wpcf7-text\" aria-invalid=\"false\" \/><\/span> <\/label><\/p>\n<p><label> Sua mensagem<br \/>\n    <span class=\"wpcf7-form-control-wrap your-message\"><textarea name=\"your-message\" cols=\"40\" rows=\"10\" class=\"wpcf7-form-control wpcf7-textarea\" aria-invalid=\"false\"><\/textarea><\/span> <\/label><\/p>\n<p><input type=\"submit\" value=\"Enviar\" class=\"wpcf7-form-control wpcf7-submit\" \/><\/p>\n<div class=\"wpcf7-response-output\" aria-hidden=\"true\"><\/div><input type=\"hidden\" name=\"trp-form-language\" value=\"pt\"\/><\/form><\/div>[\/vc_column][vc_column width=\u00a0\u00bb1\/2&Prime;][vc_column_text]<\/p>\n<p class=\"sc_form_address_field\"><strong><span class=\"sc_form_address_label\">Endere\u00e7o :<br \/>\n<\/span><\/strong><span class=\"sc_form_address_label\">N\u00b0158, Avenue de la D\u00e9mocratie<br \/>\nKinshasa\/ Gombe RD. Congo\u00a0<\/span><\/p>\n<p class=\"sc_form_address_field\"><strong><span class=\"sc_form_address_label\">Telefone:<br \/>\n<\/span><\/strong>+243 816 774 911<br \/>\n+243 998 713 595<br \/>\n+243 897 878 333<\/p>\n<p class=\"sc_form_address_field\"><span class=\"sc_form_address_label\">E-mail : <a href=\"mailto:info@rdcif.com\">info@rdcif.com<\/a><\/span><\/p>\n<p><strong>CONTATOS SWISS<\/strong><\/p>\n<p>C\u00e9lestin Kabundi Kabengele<br \/>\n38 avenue de Chailly<br \/>\n1012 Lausanne<br \/>\nSU\u00cd\u00c7A<\/p>\n<p><strong>Telefone:<\/strong><br \/>\n0041 77 817 32 86<\/p>\n<p>E-mail: <a href=\"mailto:celestink@rdcif.com\">celestink@rdcif.com<\/a>\/vc_column_text][\/vc_column][\/vc_row][\/vc_row]<\/p>","protected":false},"excerpt":{"rendered":"<p>[vc_row][vc_column width=\u00a0\u00bb1\/2&Prime;][\/vc_column][vc_column width=\u00a0\u00bb1\/2&Prime;][vc_column_text] Adresse : N\u00b0158, Avenue de la D\u00e9mocratie Kinshasa\/ Gombe RD. Congo\u00a0 T\u00e9l\u00e9phone: +243 816 774 911 +243 998 713 595 +243 897 878 333 E-mail : info@rdcif.com CONTACTS SUISSE C\u00e9lestin Kabundi Kabengele 38 avenue de Chailly 1012 Lausanne SUISSE T\u00e9l\u00e9phone: 0041 77 817 32 86 E-mail: celestink@rdcif.com[\/vc_column_text][\/vc_column][\/vc_row]<\/p>","protected":false},"author":1,"featured_media":0,"parent":0,"menu_order":0,"comment_status":"closed","ping_status":"closed","template":"","meta":[],"_links":{"self":[{"href":"https:\/\/rdcif.com\/pt\/wp-json\/wp\/v2\/pages\/758"}],"collection":[{"href":"https:\/\/rdcif.com\/pt\/wp-json\/wp\/v2\/pages"}],"about":[{"href":"https:\/\/rdcif.com\/pt\/wp-json\/wp\/v2\/types\/page"}],"author":[{"embeddable":true,"href":"https:\/\/rdcif.com\/pt\/wp-json\/wp\/v2\/users\/1"}],"replies":[{"embeddable":true,"href":"https:\/\/rdcif.com\/pt\/wp-json\/wp\/v2\/comments?post=758"}],"version-history":[{"count":11,"href":"https:\/\/rdcif.com\/pt\/wp-json\/wp\/v2\/pages\/758\/revisions"}],"predecessor-version":[{"id":967,"href":"https:\/\/rdcif.com\/pt\/wp-json\/wp\/v2\/pages\/758\/revisions\/967"}],"wp:attachment":[{"href":"https:\/\/rdcif.com\/pt\/wp-json\/wp\/v2\/media?parent=758"}],"curies":[{"name":"wp","href":"https:\/\/api.w.org\/{rel}","templated":true}]}}